{"id":195,"date":"2023-03-10T17:28:46","date_gmt":"2023-03-10T17:28:46","guid":{"rendered":"https:\/\/wordsfly.org\/?page_id=195"},"modified":"2023-10-30T15:14:42","modified_gmt":"2023-10-30T15:14:42","slug":"matteo-madrigali","status":"publish","type":"page","link":"https:\/\/wordsfly.org\/it\/authors\/matteo-madrigali\/","title":{"rendered":"Matteo Madrigali"},"content":{"rendered":"<div class=\"wp-block-image is-resized\">\n<figure class=\"aligncenter size-large\"><img loading=\"lazy\" decoding=\"async\" width=\"1024\" height=\"1024\" src=\"https:\/\/wordsfly.org\/wp-content\/uploads\/2023\/10\/Immagine-WhatsApp-2023-10-30-ore-14.10.42_79682a92-modified-1024x1024.png\" alt=\"\" class=\"wp-image-662\" style=\"aspect-ratio:1;width:192px;height:auto\" srcset=\"https:\/\/wordsfly.org\/wp-content\/uploads\/2023\/10\/Immagine-WhatsApp-2023-10-30-ore-14.10.42_79682a92-modified-1024x1024.png 1024w, https:\/\/wordsfly.org\/wp-content\/uploads\/2023\/10\/Immagine-WhatsApp-2023-10-30-ore-14.10.42_79682a92-modified-300x300.png 300w, https:\/\/wordsfly.org\/wp-content\/uploads\/2023\/10\/Immagine-WhatsApp-2023-10-30-ore-14.10.42_79682a92-modified-150x150.png 150w, https:\/\/wordsfly.org\/wp-content\/uploads\/2023\/10\/Immagine-WhatsApp-2023-10-30-ore-14.10.42_79682a92-modified-768x768.png 768w, https:\/\/wordsfly.org\/wp-content\/uploads\/2023\/10\/Immagine-WhatsApp-2023-10-30-ore-14.10.42_79682a92-modified-12x12.png 12w, https:\/\/wordsfly.org\/wp-content\/uploads\/2023\/10\/Immagine-WhatsApp-2023-10-30-ore-14.10.42_79682a92-modified.png 1214w\" sizes=\"auto, (max-width: 1024px) 100vw, 1024px\" \/><\/figure>\n<\/div>\n\n\n<h3 class=\"wp-block-heading\">Biografia<\/h3>\n\n\n\n<p>Come ha detto qualcuno pi\u00f9 in alto di me... hello there!<\/p>\n\n\n\n<p>Per chi non mi conoscesse, mi chiamo Matteo Madrigali e sono un patito del \u201cmondo-nerd\u201d. Ho frequentato il liceo classico San Carlo a Modena e mi sono laureato in Lettere moderne all\u2019universit\u00e0 di Bologna; attualmente sto conseguendo la magistrale in Italianistica, il che vuol dire che sono sempre circondato dai libri. Nel tempo libero amo suonare la chitarra, passeggiare con gli amici in collina e montagna, giocare di ruolo e, naturalmente, leggere e scrivere.<\/p>\n\n\n\n<p>Il mio primo approccio alla scrittura \u00e8 legato a doppio filo col gioco. Da bambino impersonavo un guerriero di nome Electron e, insieme a una compagnia di amici, vivevo le sue avventure in quel reame meraviglioso che \u00e8 la realt\u00e0 vista con gli occhi della fantasia. Giocare per\u00f2 cominci\u00f2 a non bastarmi pi\u00f9. Volevo far durare la magia dell\u2019avventura, abbellirla, darle forma attraverso capitoli, colpi di scena, analessi e un sacco di altri trucchi del mestiere di cui allora avevo solo una vaga idea. Nacque cos\u00ec la Saga di Electron (mai finita, come la met\u00e0 dei miei lavori) e con essa il mio amore per la scrittura.<\/p>\n\n\n\n<p>Nel tempo ho incontrato, nelle opere letterarie (quelle vere), autori in grado di parlarmi a tu per tu, come se fossero vecchi amici o sconosciuti che hai l\u2019impressione di conoscere da sempre. Mi \u00e8 successo con John Tolkien e Michail Bulgakov, con Jorge Luis Borges e Italo Calvino, con Friedrich D\u00fcrrenmatt e Mauro Boselli. Inutile dire che, senza farlo apposta, ho attinto ai loro tesori come una spugna: il mio stile ha quindi un po\u2019 della complessit\u00e0 di Tolkien, dell\u2019evocativit\u00e0 di Bulgakov, della leggerezza di Calvino, dell\u2019asciutta analisi di D\u00fcrrenmatt. Almeno, questo \u00e8 quel che ci vedo io; voi sentitevi liberi di ritenerlo un calderone senza capo n\u00e9 coda.<\/p>\n\n\n\n<p>Il mio interesse verte in particolare sul genere fantasy (con tutte le sue derivazioni) e sulla metanarrativa: personaggi che si riconoscono come tali, realt\u00e0 e palcoscenico, mondo della vita e mondo della scrittura. Chi pu\u00f2 dire per\u00f2 che il futuro non riservi anche romanzi, dialoghi, gialli, storie dell\u2019orrore e del mistero! Sapete come si dice: solo le montagne non s\u2019incontrano. Che cosa c\u2019entra coi generi letterari? \u00c8 la magia delle libere associazioni; la magia della scrittura.<\/p>\n\n\n\n<div style=\"height:25px\" aria-hidden=\"true\" class=\"wp-block-spacer\"><\/div>\n\n\n\n<h3 class=\"wp-block-heading\">Commenti<\/h3>\n\n\n\n<p>Non ci sono commenti sull'autore.<\/p>\n\n\n\n<div style=\"height:25px\" aria-hidden=\"true\" class=\"wp-block-spacer\"><\/div>\n\n\n\n<h3 class=\"wp-block-heading\">Bibliografia<\/h3>\n\n\n\n<p><a href=\"https:\/\/wordsfly.org\/it\/author\/matteo-madrigali\/\">Qui<\/a> potete vedere tutte le pubblicazioni di questo autore.<\/p>","protected":false},"excerpt":{"rendered":"<p>Biography As someone higher up than me said &#8230; hello there! For those who don&#8217;t know me, my name is Matteo Madrigali and I&#8217;m a fan of the &#8220;nerd-world&#8221;. I attended the San Carlo classical high school in Modena and I graduated in Modern Literature at the University of Bologna; I&#8217;m currently pursuing my master&#8217;s&hellip;&nbsp;<a href=\"https:\/\/wordsfly.org\/it\/authors\/matteo-madrigali\/\" rel=\"bookmark\">Leggi tutto &raquo;<span class=\"screen-reader-text\">Matteo Madrigali<\/span><\/a><\/p>","protected":false},"author":1,"featured_media":0,"parent":100,"menu_order":0,"comment_status":"closed","ping_status":"closed","template":"","meta":{"_monsterinsights_skip_tracking":false,"_monsterinsights_sitenote_active":false,"_monsterinsights_sitenote_note":"","_monsterinsights_sitenote_category":0,"neve_meta_sidebar":"","neve_meta_container":"","neve_meta_enable_content_width":"","neve_meta_content_width":0,"neve_meta_title_alignment":"","neve_meta_author_avatar":"","neve_post_elements_order":"","neve_meta_disable_header":"","neve_meta_disable_footer":"","neve_meta_disable_title":"","footnotes":""},"class_list":["post-195","page","type-page","status-publish","hentry"],"yoast_head":"<!-- This site is optimized with the Yoast SEO plugin v27.4 - https:\/\/yoast.com\/product\/yoast-seo-wordpress\/ -->\n<title>Matteo Madrigali - Wordsfly<\/title>\n<meta name=\"robots\" content=\"index, follow, max-snippet:-1, max-image-preview:large, max-video-preview:-1\" \/>\n<link rel=\"canonical\" href=\"https:\/\/wordsfly.org\/it\/authors\/matteo-madrigali\/\" \/>\n<meta property=\"og:locale\" content=\"it_IT\" \/>\n<meta property=\"og:type\" content=\"article\" \/>\n<meta property=\"og:title\" content=\"Matteo Madrigali - Wordsfly\" \/>\n<meta property=\"og:description\" content=\"Biography As someone higher up than me said &#8230; hello there! For those who don&#8217;t know me, my name is Matteo Madrigali and I&#8217;m a fan of the &#8220;nerd-world&#8221;. I attended the San Carlo classical high school in Modena and I graduated in Modern Literature at the University of Bologna; I&#8217;m currently pursuing my master&#8217;s&hellip;&nbsp;Leggi tutto &raquo;Matteo Madrigali\" \/>\n<meta property=\"og:url\" content=\"https:\/\/wordsfly.org\/it\/authors\/matteo-madrigali\/\" \/>\n<meta property=\"og:site_name\" content=\"Wordsfly\" \/>\n<meta property=\"article:modified_time\" content=\"2023-10-30T15:14:42+00:00\" \/>\n<meta property=\"og:image\" content=\"https:\/\/wordsfly.org\/wp-content\/uploads\/2023\/10\/Immagine-WhatsApp-2023-10-30-ore-14.10.42_79682a92-modified-1024x1024.png\" \/>\n<meta name=\"twitter:card\" content=\"summary_large_image\" \/>\n<meta name=\"twitter:label1\" content=\"Tempo di lettura stimato\" \/>\n\t<meta name=\"twitter:data1\" content=\"2 minuti\" \/>\n<script type=\"application\/ld+json\" class=\"yoast-schema-graph\">{\"@context\":\"https:\\\/\\\/schema.org\",\"@graph\":[{\"@type\":\"WebPage\",\"@id\":\"https:\\\/\\\/wordsfly.org\\\/authors\\\/matteo-madrigali\\\/\",\"url\":\"https:\\\/\\\/wordsfly.org\\\/authors\\\/matteo-madrigali\\\/\",\"name\":\"Matteo Madrigali - Wordsfly\",\"isPartOf\":{\"@id\":\"https:\\\/\\\/wordsfly.org\\\/#website\"},\"primaryImageOfPage\":{\"@id\":\"https:\\\/\\\/wordsfly.org\\\/authors\\\/matteo-madrigali\\\/#primaryimage\"},\"image\":{\"@id\":\"https:\\\/\\\/wordsfly.org\\\/authors\\\/matteo-madrigali\\\/#primaryimage\"},\"thumbnailUrl\":\"https:\\\/\\\/wordsfly.org\\\/wp-content\\\/uploads\\\/2023\\\/10\\\/Immagine-WhatsApp-2023-10-30-ore-14.10.42_79682a92-modified-1024x1024.png\",\"datePublished\":\"2023-03-10T17:28:46+00:00\",\"dateModified\":\"2023-10-30T15:14:42+00:00\",\"breadcrumb\":{\"@id\":\"https:\\\/\\\/wordsfly.org\\\/authors\\\/matteo-madrigali\\\/#breadcrumb\"},\"inLanguage\":\"it-IT\",\"potentialAction\":[{\"@type\":\"ReadAction\",\"target\":[\"https:\\\/\\\/wordsfly.org\\\/authors\\\/matteo-madrigali\\\/\"]}]},{\"@type\":\"ImageObject\",\"inLanguage\":\"it-IT\",\"@id\":\"https:\\\/\\\/wordsfly.org\\\/authors\\\/matteo-madrigali\\\/#primaryimage\",\"url\":\"https:\\\/\\\/wordsfly.org\\\/wp-content\\\/uploads\\\/2023\\\/10\\\/Immagine-WhatsApp-2023-10-30-ore-14.10.42_79682a92-modified-1024x1024.png\",\"contentUrl\":\"https:\\\/\\\/wordsfly.org\\\/wp-content\\\/uploads\\\/2023\\\/10\\\/Immagine-WhatsApp-2023-10-30-ore-14.10.42_79682a92-modified-1024x1024.png\"},{\"@type\":\"BreadcrumbList\",\"@id\":\"https:\\\/\\\/wordsfly.org\\\/authors\\\/matteo-madrigali\\\/#breadcrumb\",\"itemListElement\":[{\"@type\":\"ListItem\",\"position\":1,\"name\":\"Home\",\"item\":\"https:\\\/\\\/wordsfly.org\\\/\"},{\"@type\":\"ListItem\",\"position\":2,\"name\":\"Authors\",\"item\":\"https:\\\/\\\/wordsfly.org\\\/authors\\\/\"},{\"@type\":\"ListItem\",\"position\":3,\"name\":\"Matteo Madrigali\"}]},{\"@type\":\"WebSite\",\"@id\":\"https:\\\/\\\/wordsfly.org\\\/#website\",\"url\":\"https:\\\/\\\/wordsfly.org\\\/\",\"name\":\"Wordsfly\",\"description\":\"Readers, writers and their works.\",\"publisher\":{\"@id\":\"https:\\\/\\\/wordsfly.org\\\/#organization\"},\"alternateName\":\"Wordsfly\",\"potentialAction\":[{\"@type\":\"SearchAction\",\"target\":{\"@type\":\"EntryPoint\",\"urlTemplate\":\"https:\\\/\\\/wordsfly.org\\\/?s={search_term_string}\"},\"query-input\":{\"@type\":\"PropertyValueSpecification\",\"valueRequired\":true,\"valueName\":\"search_term_string\"}}],\"inLanguage\":\"it-IT\"},{\"@type\":\"Organization\",\"@id\":\"https:\\\/\\\/wordsfly.org\\\/#organization\",\"name\":\"Wordsfly\",\"alternateName\":\"Wordsfly\",\"url\":\"https:\\\/\\\/wordsfly.org\\\/\",\"logo\":{\"@type\":\"ImageObject\",\"inLanguage\":\"it-IT\",\"@id\":\"https:\\\/\\\/wordsfly.org\\\/#\\\/schema\\\/logo\\\/image\\\/\",\"url\":\"https:\\\/\\\/wordsfly.org\\\/wp-content\\\/uploads\\\/2023\\\/07\\\/Wordsfly_Nuovo_Logo_White_512x512.png\",\"contentUrl\":\"https:\\\/\\\/wordsfly.org\\\/wp-content\\\/uploads\\\/2023\\\/07\\\/Wordsfly_Nuovo_Logo_White_512x512.png\",\"width\":512,\"height\":512,\"caption\":\"Wordsfly\"},\"image\":{\"@id\":\"https:\\\/\\\/wordsfly.org\\\/#\\\/schema\\\/logo\\\/image\\\/\"}}]}<\/script>\n<!-- \/ Yoast SEO plugin. -->","yoast_head_json":{"title":"Matteo Madrigali - Wordsfly","robots":{"index":"index","follow":"follow","max-snippet":"max-snippet:-1","max-image-preview":"max-image-preview:large","max-video-preview":"max-video-preview:-1"},"canonical":"https:\/\/wordsfly.org\/it\/authors\/matteo-madrigali\/","og_locale":"it_IT","og_type":"article","og_title":"Matteo Madrigali - Wordsfly","og_description":"Biography As someone higher up than me said &#8230; hello there! For those who don&#8217;t know me, my name is Matteo Madrigali and I&#8217;m a fan of the &#8220;nerd-world&#8221;. I attended the San Carlo classical high school in Modena and I graduated in Modern Literature at the University of Bologna; I&#8217;m currently pursuing my master&#8217;s&hellip;&nbsp;Leggi tutto &raquo;Matteo Madrigali","og_url":"https:\/\/wordsfly.org\/it\/authors\/matteo-madrigali\/","og_site_name":"Wordsfly","article_modified_time":"2023-10-30T15:14:42+00:00","og_image":[{"url":"https:\/\/wordsfly.org\/wp-content\/uploads\/2023\/10\/Immagine-WhatsApp-2023-10-30-ore-14.10.42_79682a92-modified-1024x1024.png","type":"","width":"","height":""}],"twitter_card":"summary_large_image","twitter_misc":{"Tempo di lettura stimato":"2 minuti"},"schema":{"@context":"https:\/\/schema.org","@graph":[{"@type":"WebPage","@id":"https:\/\/wordsfly.org\/authors\/matteo-madrigali\/","url":"https:\/\/wordsfly.org\/authors\/matteo-madrigali\/","name":"Matteo Madrigali - Wordsfly","isPartOf":{"@id":"https:\/\/wordsfly.org\/#website"},"primaryImageOfPage":{"@id":"https:\/\/wordsfly.org\/authors\/matteo-madrigali\/#primaryimage"},"image":{"@id":"https:\/\/wordsfly.org\/authors\/matteo-madrigali\/#primaryimage"},"thumbnailUrl":"https:\/\/wordsfly.org\/wp-content\/uploads\/2023\/10\/Immagine-WhatsApp-2023-10-30-ore-14.10.42_79682a92-modified-1024x1024.png","datePublished":"2023-03-10T17:28:46+00:00","dateModified":"2023-10-30T15:14:42+00:00","breadcrumb":{"@id":"https:\/\/wordsfly.org\/authors\/matteo-madrigali\/#breadcrumb"},"inLanguage":"it-IT","potentialAction":[{"@type":"ReadAction","target":["https:\/\/wordsfly.org\/authors\/matteo-madrigali\/"]}]},{"@type":"ImageObject","inLanguage":"it-IT","@id":"https:\/\/wordsfly.org\/authors\/matteo-madrigali\/#primaryimage","url":"https:\/\/wordsfly.org\/wp-content\/uploads\/2023\/10\/Immagine-WhatsApp-2023-10-30-ore-14.10.42_79682a92-modified-1024x1024.png","contentUrl":"https:\/\/wordsfly.org\/wp-content\/uploads\/2023\/10\/Immagine-WhatsApp-2023-10-30-ore-14.10.42_79682a92-modified-1024x1024.png"},{"@type":"BreadcrumbList","@id":"https:\/\/wordsfly.org\/authors\/matteo-madrigali\/#breadcrumb","itemListElement":[{"@type":"ListItem","position":1,"name":"Home","item":"https:\/\/wordsfly.org\/"},{"@type":"ListItem","position":2,"name":"Authors","item":"https:\/\/wordsfly.org\/authors\/"},{"@type":"ListItem","position":3,"name":"Matteo Madrigali"}]},{"@type":"WebSite","@id":"https:\/\/wordsfly.org\/#website","url":"https:\/\/wordsfly.org\/","name":"Wordsfly","description":"Lettori, scrittori e le loro opere.","publisher":{"@id":"https:\/\/wordsfly.org\/#organization"},"alternateName":"Wordsfly","potentialAction":[{"@type":"SearchAction","target":{"@type":"EntryPoint","urlTemplate":"https:\/\/wordsfly.org\/?s={search_term_string}"},"query-input":{"@type":"PropertyValueSpecification","valueRequired":true,"valueName":"search_term_string"}}],"inLanguage":"it-IT"},{"@type":"Organization","@id":"https:\/\/wordsfly.org\/#organization","name":"Wordsfly","alternateName":"Wordsfly","url":"https:\/\/wordsfly.org\/","logo":{"@type":"ImageObject","inLanguage":"it-IT","@id":"https:\/\/wordsfly.org\/#\/schema\/logo\/image\/","url":"https:\/\/wordsfly.org\/wp-content\/uploads\/2023\/07\/Wordsfly_Nuovo_Logo_White_512x512.png","contentUrl":"https:\/\/wordsfly.org\/wp-content\/uploads\/2023\/07\/Wordsfly_Nuovo_Logo_White_512x512.png","width":512,"height":512,"caption":"Wordsfly"},"image":{"@id":"https:\/\/wordsfly.org\/#\/schema\/logo\/image\/"}}]}},"_links":{"self":[{"href":"https:\/\/wordsfly.org\/it\/wp-json\/wp\/v2\/pages\/195","targetHints":{"allow":["GET"]}}],"collection":[{"href":"https:\/\/wordsfly.org\/it\/wp-json\/wp\/v2\/pages"}],"about":[{"href":"https:\/\/wordsfly.org\/it\/wp-json\/wp\/v2\/types\/page"}],"author":[{"embeddable":true,"href":"https:\/\/wordsfly.org\/it\/wp-json\/wp\/v2\/users\/1"}],"replies":[{"embeddable":true,"href":"https:\/\/wordsfly.org\/it\/wp-json\/wp\/v2\/comments?post=195"}],"version-history":[{"count":14,"href":"https:\/\/wordsfly.org\/it\/wp-json\/wp\/v2\/pages\/195\/revisions"}],"predecessor-version":[{"id":663,"href":"https:\/\/wordsfly.org\/it\/wp-json\/wp\/v2\/pages\/195\/revisions\/663"}],"up":[{"embeddable":true,"href":"https:\/\/wordsfly.org\/it\/wp-json\/wp\/v2\/pages\/100"}],"wp:attachment":[{"href":"https:\/\/wordsfly.org\/it\/wp-json\/wp\/v2\/media?parent=195"}],"curies":[{"name":"wp","href":"https:\/\/api.w.org\/{rel}","templated":true}]}}