{"id":484,"date":"2023-07-14T18:37:14","date_gmt":"2023-07-14T18:37:14","guid":{"rendered":"https:\/\/wordsfly.org\/?page_id=484"},"modified":"2023-07-14T18:48:05","modified_gmt":"2023-07-14T18:48:05","slug":"davide-nostrini","status":"publish","type":"page","link":"https:\/\/wordsfly.org\/it\/authors\/davide-nostrini\/","title":{"rendered":"Davide Nostrini"},"content":{"rendered":"<div class=\"wp-block-image\">\n<figure class=\"aligncenter size-full is-resized\"><img loading=\"lazy\" decoding=\"async\" src=\"https:\/\/wordsfly.org\/wp-content\/uploads\/2023\/07\/davide-nostrini-piccola.png\" alt=\"\" class=\"wp-image-499\" width=\"164\" height=\"164\" srcset=\"https:\/\/wordsfly.org\/wp-content\/uploads\/2023\/07\/davide-nostrini-piccola.png 100w, https:\/\/wordsfly.org\/wp-content\/uploads\/2023\/07\/davide-nostrini-piccola-12x12.png 12w\" sizes=\"auto, (max-width: 164px) 100vw, 164px\" \/><\/figure>\n<\/div>\n\n\n<h3 class=\"wp-block-heading\">Biografia<\/h3>\n\n\n\n<p>Davide Nostrini, noto come Doc, \u00e8 nato a Modena il 9 dicembre 2000. Fin dai primi giorni della sua vita, ha avuto una doppia passione per il settore sanitario e la politica. Dopo essersi laureato in biotecnologie mediche, ha intrapreso una carriera come responsabile commerciale e relazioni in un'azienda informatica di Modena, oltre a lavorare come consulente commerciale per diverse aziende italiane<\/p>\n\n\n\n<p>Dal 2017, \u00e8 il fondatore e presidente di Italia del Futuro, un'associazione politica e culturale molto attiva in Emilia, soprattutto nella provincia di Modena. Nel 2019, \u00e8 stato eletto consigliere comunale a Maranello e attualmente \u00e8 uno dei capigruppo della maggioranza. Durante il suo mandato, si \u00e8 occupato principalmente di questioni legate al welfare, all'istruzione e ai giovani.<\/p>\n\n\n\n<p>A partire da dicembre 2022, \u00e8 diventato consigliere dell'Unione Europea presso il Comitato delle Regioni a Bruxelles. Durante i suoi studi, \u00e8 stato uno studente presso la Scuola di Politiche (SdP) e ha frequentato vari corsi presso prestigiose universit\u00e0 italiane, come l'Universit\u00e0 Cattolica e l'Universit\u00e0 Luigi Bocconi.<\/p>\n\n\n\n<div style=\"height:25px\" aria-hidden=\"true\" class=\"wp-block-spacer\"><\/div>\n\n\n\n<h3 class=\"wp-block-heading\">Commenti<\/h3>\n\n\n\n<p>Non ci sono commenti sull'autore.<\/p>\n\n\n\n<div style=\"height:25px\" aria-hidden=\"true\" class=\"wp-block-spacer\"><\/div>\n\n\n\n<h3 class=\"wp-block-heading\">Bibliografia<\/h3>\n\n\n\n<p><a href=\"https:\/\/wordsfly.org\/it\/author\/davide-nostrini\/\">Qui<\/a> potete vedere tutte le pubblicazioni di questo autore.<\/p>","protected":false},"excerpt":{"rendered":"<p>Biography Davide Nostrini, known as Doc, was born in Modena on 9 December 2000. From the first days of his life, he had a dual passion for the health sector and politics. After graduating in medical biotechnology, he embarked on a career as a sales and relationship manager in an IT company in Modena, as&hellip;&nbsp;<a href=\"https:\/\/wordsfly.org\/it\/authors\/davide-nostrini\/\" rel=\"bookmark\">Leggi tutto &raquo;<span class=\"screen-reader-text\">Davide Nostrini<\/span><\/a><\/p>","protected":false},"author":1,"featured_media":0,"parent":100,"menu_order":0,"comment_status":"closed","ping_status":"closed","template":"","meta":{"_monsterinsights_skip_tracking":false,"_monsterinsights_sitenote_active":false,"_monsterinsights_sitenote_note":"","_monsterinsights_sitenote_category":0,"neve_meta_sidebar":"","neve_meta_container":"","neve_meta_enable_content_width":"","neve_meta_content_width":0,"neve_meta_title_alignment":"","neve_meta_author_avatar":"","neve_post_elements_order":"","neve_meta_disable_header":"","neve_meta_disable_footer":"","neve_meta_disable_title":"","footnotes":""},"class_list":["post-484","page","type-page","status-publish","hentry"],"yoast_head":"<!-- This site is optimized with the Yoast SEO plugin v27.4 - https:\/\/yoast.com\/product\/yoast-seo-wordpress\/ -->\n<title>Davide Nostrini - Wordsfly<\/title>\n<meta name=\"robots\" content=\"index, follow, max-snippet:-1, max-image-preview:large, max-video-preview:-1\" \/>\n<link rel=\"canonical\" href=\"https:\/\/wordsfly.org\/it\/authors\/davide-nostrini\/\" \/>\n<meta property=\"og:locale\" content=\"it_IT\" \/>\n<meta property=\"og:type\" content=\"article\" \/>\n<meta property=\"og:title\" content=\"Davide Nostrini - Wordsfly\" \/>\n<meta property=\"og:description\" content=\"Biography Davide Nostrini, known as Doc, was born in Modena on 9 December 2000. From the first days of his life, he had a dual passion for the health sector and politics. After graduating in medical biotechnology, he embarked on a career as a sales and relationship manager in an IT company in Modena, as&hellip;&nbsp;Leggi tutto &raquo;Davide Nostrini\" \/>\n<meta property=\"og:url\" content=\"https:\/\/wordsfly.org\/it\/authors\/davide-nostrini\/\" \/>\n<meta property=\"og:site_name\" content=\"Wordsfly\" \/>\n<meta property=\"article:modified_time\" content=\"2023-07-14T18:48:05+00:00\" \/>\n<meta property=\"og:image\" content=\"https:\/\/wordsfly.org\/wp-content\/uploads\/2023\/07\/davide-nostrini-piccola.png\" \/>\n<meta name=\"twitter:card\" content=\"summary_large_image\" \/>\n<meta name=\"twitter:label1\" content=\"Tempo di lettura stimato\" \/>\n\t<meta name=\"twitter:data1\" content=\"2 minuti\" \/>\n<script type=\"application\/ld+json\" class=\"yoast-schema-graph\">{\"@context\":\"https:\\\/\\\/schema.org\",\"@graph\":[{\"@type\":\"WebPage\",\"@id\":\"https:\\\/\\\/wordsfly.org\\\/authors\\\/davide-nostrini\\\/\",\"url\":\"https:\\\/\\\/wordsfly.org\\\/authors\\\/davide-nostrini\\\/\",\"name\":\"Davide Nostrini - Wordsfly\",\"isPartOf\":{\"@id\":\"https:\\\/\\\/wordsfly.org\\\/#website\"},\"primaryImageOfPage\":{\"@id\":\"https:\\\/\\\/wordsfly.org\\\/authors\\\/davide-nostrini\\\/#primaryimage\"},\"image\":{\"@id\":\"https:\\\/\\\/wordsfly.org\\\/authors\\\/davide-nostrini\\\/#primaryimage\"},\"thumbnailUrl\":\"https:\\\/\\\/wordsfly.org\\\/wp-content\\\/uploads\\\/2023\\\/07\\\/davide-nostrini-piccola.png\",\"datePublished\":\"2023-07-14T18:37:14+00:00\",\"dateModified\":\"2023-07-14T18:48:05+00:00\",\"breadcrumb\":{\"@id\":\"https:\\\/\\\/wordsfly.org\\\/authors\\\/davide-nostrini\\\/#breadcrumb\"},\"inLanguage\":\"it-IT\",\"potentialAction\":[{\"@type\":\"ReadAction\",\"target\":[\"https:\\\/\\\/wordsfly.org\\\/authors\\\/davide-nostrini\\\/\"]}]},{\"@type\":\"ImageObject\",\"inLanguage\":\"it-IT\",\"@id\":\"https:\\\/\\\/wordsfly.org\\\/authors\\\/davide-nostrini\\\/#primaryimage\",\"url\":\"https:\\\/\\\/wordsfly.org\\\/wp-content\\\/uploads\\\/2023\\\/07\\\/davide-nostrini-piccola.png\",\"contentUrl\":\"https:\\\/\\\/wordsfly.org\\\/wp-content\\\/uploads\\\/2023\\\/07\\\/davide-nostrini-piccola.png\"},{\"@type\":\"BreadcrumbList\",\"@id\":\"https:\\\/\\\/wordsfly.org\\\/authors\\\/davide-nostrini\\\/#breadcrumb\",\"itemListElement\":[{\"@type\":\"ListItem\",\"position\":1,\"name\":\"Home\",\"item\":\"https:\\\/\\\/wordsfly.org\\\/\"},{\"@type\":\"ListItem\",\"position\":2,\"name\":\"Authors\",\"item\":\"https:\\\/\\\/wordsfly.org\\\/authors\\\/\"},{\"@type\":\"ListItem\",\"position\":3,\"name\":\"Davide Nostrini\"}]},{\"@type\":\"WebSite\",\"@id\":\"https:\\\/\\\/wordsfly.org\\\/#website\",\"url\":\"https:\\\/\\\/wordsfly.org\\\/\",\"name\":\"Wordsfly\",\"description\":\"Readers, writers and their works.\",\"publisher\":{\"@id\":\"https:\\\/\\\/wordsfly.org\\\/#organization\"},\"alternateName\":\"Wordsfly\",\"potentialAction\":[{\"@type\":\"SearchAction\",\"target\":{\"@type\":\"EntryPoint\",\"urlTemplate\":\"https:\\\/\\\/wordsfly.org\\\/?s={search_term_string}\"},\"query-input\":{\"@type\":\"PropertyValueSpecification\",\"valueRequired\":true,\"valueName\":\"search_term_string\"}}],\"inLanguage\":\"it-IT\"},{\"@type\":\"Organization\",\"@id\":\"https:\\\/\\\/wordsfly.org\\\/#organization\",\"name\":\"Wordsfly\",\"alternateName\":\"Wordsfly\",\"url\":\"https:\\\/\\\/wordsfly.org\\\/\",\"logo\":{\"@type\":\"ImageObject\",\"inLanguage\":\"it-IT\",\"@id\":\"https:\\\/\\\/wordsfly.org\\\/#\\\/schema\\\/logo\\\/image\\\/\",\"url\":\"https:\\\/\\\/wordsfly.org\\\/wp-content\\\/uploads\\\/2023\\\/07\\\/Wordsfly_Nuovo_Logo_White_512x512.png\",\"contentUrl\":\"https:\\\/\\\/wordsfly.org\\\/wp-content\\\/uploads\\\/2023\\\/07\\\/Wordsfly_Nuovo_Logo_White_512x512.png\",\"width\":512,\"height\":512,\"caption\":\"Wordsfly\"},\"image\":{\"@id\":\"https:\\\/\\\/wordsfly.org\\\/#\\\/schema\\\/logo\\\/image\\\/\"}}]}<\/script>\n<!-- \/ Yoast SEO plugin. -->","yoast_head_json":{"title":"Davide Nostrini - Wordsfly","robots":{"index":"index","follow":"follow","max-snippet":"max-snippet:-1","max-image-preview":"max-image-preview:large","max-video-preview":"max-video-preview:-1"},"canonical":"https:\/\/wordsfly.org\/it\/authors\/davide-nostrini\/","og_locale":"it_IT","og_type":"article","og_title":"Davide Nostrini - Wordsfly","og_description":"Biography Davide Nostrini, known as Doc, was born in Modena on 9 December 2000. From the first days of his life, he had a dual passion for the health sector and politics. After graduating in medical biotechnology, he embarked on a career as a sales and relationship manager in an IT company in Modena, as&hellip;&nbsp;Leggi tutto &raquo;Davide Nostrini","og_url":"https:\/\/wordsfly.org\/it\/authors\/davide-nostrini\/","og_site_name":"Wordsfly","article_modified_time":"2023-07-14T18:48:05+00:00","og_image":[{"url":"https:\/\/wordsfly.org\/wp-content\/uploads\/2023\/07\/davide-nostrini-piccola.png","type":"","width":"","height":""}],"twitter_card":"summary_large_image","twitter_misc":{"Tempo di lettura stimato":"2 minuti"},"schema":{"@context":"https:\/\/schema.org","@graph":[{"@type":"WebPage","@id":"https:\/\/wordsfly.org\/authors\/davide-nostrini\/","url":"https:\/\/wordsfly.org\/authors\/davide-nostrini\/","name":"Davide Nostrini - Wordsfly","isPartOf":{"@id":"https:\/\/wordsfly.org\/#website"},"primaryImageOfPage":{"@id":"https:\/\/wordsfly.org\/authors\/davide-nostrini\/#primaryimage"},"image":{"@id":"https:\/\/wordsfly.org\/authors\/davide-nostrini\/#primaryimage"},"thumbnailUrl":"https:\/\/wordsfly.org\/wp-content\/uploads\/2023\/07\/davide-nostrini-piccola.png","datePublished":"2023-07-14T18:37:14+00:00","dateModified":"2023-07-14T18:48:05+00:00","breadcrumb":{"@id":"https:\/\/wordsfly.org\/authors\/davide-nostrini\/#breadcrumb"},"inLanguage":"it-IT","potentialAction":[{"@type":"ReadAction","target":["https:\/\/wordsfly.org\/authors\/davide-nostrini\/"]}]},{"@type":"ImageObject","inLanguage":"it-IT","@id":"https:\/\/wordsfly.org\/authors\/davide-nostrini\/#primaryimage","url":"https:\/\/wordsfly.org\/wp-content\/uploads\/2023\/07\/davide-nostrini-piccola.png","contentUrl":"https:\/\/wordsfly.org\/wp-content\/uploads\/2023\/07\/davide-nostrini-piccola.png"},{"@type":"BreadcrumbList","@id":"https:\/\/wordsfly.org\/authors\/davide-nostrini\/#breadcrumb","itemListElement":[{"@type":"ListItem","position":1,"name":"Home","item":"https:\/\/wordsfly.org\/"},{"@type":"ListItem","position":2,"name":"Authors","item":"https:\/\/wordsfly.org\/authors\/"},{"@type":"ListItem","position":3,"name":"Davide Nostrini"}]},{"@type":"WebSite","@id":"https:\/\/wordsfly.org\/#website","url":"https:\/\/wordsfly.org\/","name":"Wordsfly","description":"Lettori, scrittori e le loro opere.","publisher":{"@id":"https:\/\/wordsfly.org\/#organization"},"alternateName":"Wordsfly","potentialAction":[{"@type":"SearchAction","target":{"@type":"EntryPoint","urlTemplate":"https:\/\/wordsfly.org\/?s={search_term_string}"},"query-input":{"@type":"PropertyValueSpecification","valueRequired":true,"valueName":"search_term_string"}}],"inLanguage":"it-IT"},{"@type":"Organization","@id":"https:\/\/wordsfly.org\/#organization","name":"Wordsfly","alternateName":"Wordsfly","url":"https:\/\/wordsfly.org\/","logo":{"@type":"ImageObject","inLanguage":"it-IT","@id":"https:\/\/wordsfly.org\/#\/schema\/logo\/image\/","url":"https:\/\/wordsfly.org\/wp-content\/uploads\/2023\/07\/Wordsfly_Nuovo_Logo_White_512x512.png","contentUrl":"https:\/\/wordsfly.org\/wp-content\/uploads\/2023\/07\/Wordsfly_Nuovo_Logo_White_512x512.png","width":512,"height":512,"caption":"Wordsfly"},"image":{"@id":"https:\/\/wordsfly.org\/#\/schema\/logo\/image\/"}}]}},"_links":{"self":[{"href":"https:\/\/wordsfly.org\/it\/wp-json\/wp\/v2\/pages\/484","targetHints":{"allow":["GET"]}}],"collection":[{"href":"https:\/\/wordsfly.org\/it\/wp-json\/wp\/v2\/pages"}],"about":[{"href":"https:\/\/wordsfly.org\/it\/wp-json\/wp\/v2\/types\/page"}],"author":[{"embeddable":true,"href":"https:\/\/wordsfly.org\/it\/wp-json\/wp\/v2\/users\/1"}],"replies":[{"embeddable":true,"href":"https:\/\/wordsfly.org\/it\/wp-json\/wp\/v2\/comments?post=484"}],"version-history":[{"count":8,"href":"https:\/\/wordsfly.org\/it\/wp-json\/wp\/v2\/pages\/484\/revisions"}],"predecessor-version":[{"id":501,"href":"https:\/\/wordsfly.org\/it\/wp-json\/wp\/v2\/pages\/484\/revisions\/501"}],"up":[{"embeddable":true,"href":"https:\/\/wordsfly.org\/it\/wp-json\/wp\/v2\/pages\/100"}],"wp:attachment":[{"href":"https:\/\/wordsfly.org\/it\/wp-json\/wp\/v2\/media?parent=484"}],"curies":[{"name":"wp","href":"https:\/\/api.w.org\/{rel}","templated":true}]}}