{"id":7,"date":"2023-02-16T20:12:08","date_gmt":"2023-02-16T20:12:08","guid":{"rendered":"https:\/\/wordsfly.org\/?page_id=7"},"modified":"2023-07-18T19:30:59","modified_gmt":"2023-07-18T19:30:59","slug":"about","status":"publish","type":"page","link":"https:\/\/wordsfly.org\/it\/about\/","title":{"rendered":"Chi siamo"},"content":{"rendered":"<div class=\"wp-block-cover alignfull\" style=\"min-height:300px;aspect-ratio:unset;\"><span aria-hidden=\"true\" class=\"wp-block-cover__background has-nv-site-bg-background-color has-background-dim-100 has-background-dim\"><\/span><div class=\"wp-block-cover__inner-container is-layout-flow wp-block-cover-is-layout-flow\">\n<div class=\"wp-block-group\"><div class=\"wp-block-group__inner-container is-layout-flow wp-block-group-is-layout-flow\">\n<h1 class=\"wp-block-heading has-text-align-left has-neve-text-color-color has-text-color\">Chi siamo<\/h1>\n<\/div><\/div>\n<\/div><\/div>\n\n\n\n<div class=\"wp-block-cover alignfull\" style=\"min-height:600px;aspect-ratio:unset;\"><span aria-hidden=\"true\" class=\"wp-block-cover__background has-nv-light-bg-background-color has-background-dim-100 has-background-dim\"><\/span><div class=\"wp-block-cover__inner-container is-layout-flow wp-block-cover-is-layout-flow\">\n<div class=\"wp-block-group\"><div class=\"wp-block-group__inner-container is-layout-flow wp-block-group-is-layout-flow\">\n<div style=\"height:80px\" aria-hidden=\"true\" class=\"wp-block-spacer\"><\/div>\n\n\n\n<div class=\"wp-block-columns are-vertically-aligned-center is-layout-flex wp-container-core-columns-is-layout-9d6595d7 wp-block-columns-is-layout-flex\">\n<div class=\"wp-block-column is-vertically-aligned-center is-layout-flow wp-block-column-is-layout-flow\" style=\"flex-basis:50%\"><\/div>\n\n\n\n<div class=\"wp-block-column is-vertically-aligned-center is-layout-flow wp-block-column-is-layout-flow\" style=\"flex-basis:50%\">\n<h2 class=\"wp-block-heading has-neve-text-color-color has-text-color\">Contesto<\/h2>\n\n\n\n<p class=\"has-neve-text-color-color has-text-color\">Nei tempi antichi, gli esseri umani scrivevano le loro emozioni sulla pareti rocciose delle caverne, disegnando gli animali che avevano o avrebbero voluto cacciare. Da allora il desiderio delle persone di scrivere non si \u00e8 pi\u00f9 fermato; nuovi mezzi sono stati inventati e la scrittura ha continuato la sua evoluzione cambiando pi\u00f9 volte forma, suono e senso, seguendo il vortice delle emozioni di coloro che l\u2019hanno posseduta.<\/p>\n\n\n\n<div style=\"height:20px\" aria-hidden=\"true\" class=\"wp-block-spacer\"><\/div>\n\n\n\n<div class=\"wp-block-buttons is-layout-flex wp-block-buttons-is-layout-flex\">\n<div class=\"wp-block-button is-style-primary\"><a class=\"wp-block-button__link wp-element-button\" href=\"https:\/\/wordsfly.org\/it\/?page_id=8\">CONTATTACI<\/a><\/div>\n<\/div>\n<\/div>\n<\/div>\n\n\n\n<div style=\"height:40px\" aria-hidden=\"true\" class=\"wp-block-spacer\"><\/div>\n<\/div><\/div>\n<\/div><\/div>\n\n\n\n<div class=\"wp-block-cover alignfull\" style=\"min-height:600px;aspect-ratio:unset;\"><span aria-hidden=\"true\" class=\"wp-block-cover__background has-nv-dark-bg-background-color has-background-dim-100 has-background-dim\"><\/span><div class=\"wp-block-cover__inner-container is-layout-flow wp-block-cover-is-layout-flow\">\n<div class=\"wp-block-group\"><div class=\"wp-block-group__inner-container is-layout-flow wp-block-group-is-layout-flow\">\n<div style=\"height:80px\" aria-hidden=\"true\" class=\"wp-block-spacer\"><\/div>\n\n\n\n<div class=\"wp-block-columns are-vertically-aligned-center is-layout-flex wp-container-core-columns-is-layout-9d6595d7 wp-block-columns-is-layout-flex\">\n<div class=\"wp-block-column is-vertically-aligned-center is-layout-flow wp-block-column-is-layout-flow\" style=\"flex-basis:50%\">\n<h2 class=\"wp-block-heading has-nv-text-dark-bg-color has-text-color\">La nostra visione<\/h2>\n\n\n\n<p class=\"has-nv-text-dark-bg-color has-text-color\">Oggi, riteniamo che l\u2019assenza della lettura nella vita delle persone non sia un problema della scrittura in s\u00e9, ma di come questa viene presentata e distribuita. Non \u00e8 che la letteratura sia \u201clenta\u201d per i nostri tempi, ma \u00e8 come la si presenta, la si distribuisce e la si presenta ad essere \u201clento\u201d, di 30 anni almeno.<\/p>\n\n\n\n<div style=\"height:20px\" aria-hidden=\"true\" class=\"wp-block-spacer\"><\/div>\n\n\n\n<div class=\"wp-block-buttons is-layout-flex wp-block-buttons-is-layout-flex\">\n<div class=\"wp-block-button is-style-primary\"><a class=\"wp-block-button__link wp-element-button\" href=\"https:\/\/wordsfly.org\/it\/?page_id=8\">CONTATTACI<\/a><\/div>\n<\/div>\n\n\n\n<div style=\"height:20px\" aria-hidden=\"true\" class=\"wp-block-spacer\"><\/div>\n<\/div>\n\n\n\n<div class=\"wp-block-column is-vertically-aligned-center is-layout-flow wp-block-column-is-layout-flow\" style=\"flex-basis:50%\"><\/div>\n<\/div>\n\n\n\n<div style=\"height:40px\" aria-hidden=\"true\" class=\"wp-block-spacer\"><\/div>\n<\/div><\/div>\n<\/div><\/div>\n\n\n\n<div class=\"wp-block-cover alignfull\" style=\"min-height:600px;aspect-ratio:unset;\"><span aria-hidden=\"true\" class=\"wp-block-cover__background has-nv-light-bg-background-color has-background-dim-100 has-background-dim\"><\/span><div class=\"wp-block-cover__inner-container is-layout-flow wp-block-cover-is-layout-flow\">\n<div class=\"wp-block-group\"><div class=\"wp-block-group__inner-container is-layout-flow wp-block-group-is-layout-flow\">\n<div style=\"height:80px\" aria-hidden=\"true\" class=\"wp-block-spacer\"><\/div>\n\n\n\n<div class=\"wp-block-columns are-vertically-aligned-center is-layout-flex wp-container-core-columns-is-layout-9d6595d7 wp-block-columns-is-layout-flex\">\n<div class=\"wp-block-column is-vertically-aligned-center is-layout-flow wp-block-column-is-layout-flow\" style=\"flex-basis:50%\"><\/div>\n\n\n\n<div class=\"wp-block-column is-vertically-aligned-center is-layout-flow wp-block-column-is-layout-flow\" style=\"flex-basis:50%\">\n<h2 class=\"wp-block-heading has-neve-text-color-color has-text-color\">La nostra missione<\/h2>\n\n\n\n<p class=\"has-neve-text-color-color has-text-color\">L'obiettivo di Wordsfly \u00e8 di riuscire a colmare lo spazio che si \u00e8 venuto a creare verso il pubblico, offrendo una piattaforma dove sia possibile esprimersi ed essere ascoltati attraverso quella stupenda invenzione che \u00e8 la parola. Non importa il soggetto, non importa il mezzo, purch\u00e9 si riesca a generare un confronto genuino alla ricerca dello scopo finale della letteratura: conoscere meglio s\u00e9 stessi e l\u2019umanit\u00e0.<\/p>\n\n\n\n<div style=\"height:20px\" aria-hidden=\"true\" class=\"wp-block-spacer\"><\/div>\n\n\n\n<div class=\"wp-block-buttons is-layout-flex wp-block-buttons-is-layout-flex\">\n<div class=\"wp-block-button is-style-primary\"><a class=\"wp-block-button__link wp-element-button\" href=\"https:\/\/wordsfly.org\/it\/?page_id=8\">CONTATTACI<\/a><\/div>\n<\/div>\n<\/div>\n<\/div>\n\n\n\n<div style=\"height:40px\" aria-hidden=\"true\" class=\"wp-block-spacer\"><\/div>\n<\/div><\/div>\n<\/div><\/div>","protected":false},"excerpt":{"rendered":"","protected":false},"author":1,"featured_media":0,"parent":0,"menu_order":0,"comment_status":"closed","ping_status":"closed","template":"","meta":{"_monsterinsights_skip_tracking":false,"_monsterinsights_sitenote_active":false,"_monsterinsights_sitenote_note":"","_monsterinsights_sitenote_category":0,"neve_meta_sidebar":"","neve_meta_container":"","neve_meta_enable_content_width":"on","neve_meta_content_width":100,"neve_meta_title_alignment":"","neve_meta_author_avatar":"","neve_post_elements_order":"","neve_meta_disable_header":"","neve_meta_disable_footer":"","neve_meta_disable_title":"on","footnotes":""},"class_list":["post-7","page","type-page","status-publish","hentry"],"yoast_head":"<!-- This site is optimized with the Yoast SEO plugin v27.4 - https:\/\/yoast.com\/product\/yoast-seo-wordpress\/ -->\n<title>About us - Wordsfly<\/title>\n<meta name=\"robots\" content=\"index, follow, max-snippet:-1, max-image-preview:large, max-video-preview:-1\" \/>\n<link rel=\"canonical\" href=\"https:\/\/wordsfly.org\/it\/about\/\" \/>\n<meta property=\"og:locale\" content=\"it_IT\" \/>\n<meta property=\"og:type\" content=\"article\" \/>\n<meta property=\"og:title\" content=\"Wordsfly\" \/>\n<meta property=\"og:description\" content=\"- About us\" \/>\n<meta property=\"og:url\" content=\"https:\/\/wordsfly.org\/it\/about\/\" \/>\n<meta property=\"og:site_name\" content=\"Wordsfly\" \/>\n<meta property=\"article:modified_time\" content=\"2023-07-18T19:30:59+00:00\" \/>\n<meta property=\"og:image\" content=\"https:\/\/wordsfly.org\/wp-content\/uploads\/2023\/07\/Wordsfly_Nuovo_LogoShadeBackground.png\" \/>\n\t<meta property=\"og:image:width\" content=\"1920\" \/>\n\t<meta property=\"og:image:height\" content=\"1080\" \/>\n\t<meta property=\"og:image:type\" content=\"image\/png\" \/>\n<meta name=\"twitter:card\" content=\"summary_large_image\" \/>\n<meta name=\"twitter:title\" content=\"Wordsfly\" \/>\n<meta name=\"twitter:description\" content=\"- About us\" \/>\n<meta name=\"twitter:image\" content=\"https:\/\/wordsfly.org\/wp-content\/uploads\/2023\/07\/Wordsfly_Nuovo_LogoShadeBackground.png\" \/>\n<meta name=\"twitter:label1\" content=\"Tempo di lettura stimato\" \/>\n\t<meta name=\"twitter:data1\" content=\"1 minuto\" \/>\n<script type=\"application\/ld+json\" class=\"yoast-schema-graph\">{\"@context\":\"https:\\\/\\\/schema.org\",\"@graph\":[{\"@type\":\"WebPage\",\"@id\":\"https:\\\/\\\/wordsfly.org\\\/about\\\/\",\"url\":\"https:\\\/\\\/wordsfly.org\\\/about\\\/\",\"name\":\"About us - Wordsfly\",\"isPartOf\":{\"@id\":\"https:\\\/\\\/wordsfly.org\\\/#website\"},\"datePublished\":\"2023-02-16T20:12:08+00:00\",\"dateModified\":\"2023-07-18T19:30:59+00:00\",\"breadcrumb\":{\"@id\":\"https:\\\/\\\/wordsfly.org\\\/about\\\/#breadcrumb\"},\"inLanguage\":\"it-IT\",\"potentialAction\":[{\"@type\":\"ReadAction\",\"target\":[\"https:\\\/\\\/wordsfly.org\\\/about\\\/\"]}]},{\"@type\":\"BreadcrumbList\",\"@id\":\"https:\\\/\\\/wordsfly.org\\\/about\\\/#breadcrumb\",\"itemListElement\":[{\"@type\":\"ListItem\",\"position\":1,\"name\":\"Home\",\"item\":\"https:\\\/\\\/wordsfly.org\\\/\"},{\"@type\":\"ListItem\",\"position\":2,\"name\":\"About us\"}]},{\"@type\":\"WebSite\",\"@id\":\"https:\\\/\\\/wordsfly.org\\\/#website\",\"url\":\"https:\\\/\\\/wordsfly.org\\\/\",\"name\":\"Wordsfly\",\"description\":\"Readers, writers and their works.\",\"publisher\":{\"@id\":\"https:\\\/\\\/wordsfly.org\\\/#organization\"},\"alternateName\":\"Wordsfly\",\"potentialAction\":[{\"@type\":\"SearchAction\",\"target\":{\"@type\":\"EntryPoint\",\"urlTemplate\":\"https:\\\/\\\/wordsfly.org\\\/?s={search_term_string}\"},\"query-input\":{\"@type\":\"PropertyValueSpecification\",\"valueRequired\":true,\"valueName\":\"search_term_string\"}}],\"inLanguage\":\"it-IT\"},{\"@type\":\"Organization\",\"@id\":\"https:\\\/\\\/wordsfly.org\\\/#organization\",\"name\":\"Wordsfly\",\"alternateName\":\"Wordsfly\",\"url\":\"https:\\\/\\\/wordsfly.org\\\/\",\"logo\":{\"@type\":\"ImageObject\",\"inLanguage\":\"it-IT\",\"@id\":\"https:\\\/\\\/wordsfly.org\\\/#\\\/schema\\\/logo\\\/image\\\/\",\"url\":\"https:\\\/\\\/wordsfly.org\\\/wp-content\\\/uploads\\\/2023\\\/07\\\/Wordsfly_Nuovo_Logo_White_512x512.png\",\"contentUrl\":\"https:\\\/\\\/wordsfly.org\\\/wp-content\\\/uploads\\\/2023\\\/07\\\/Wordsfly_Nuovo_Logo_White_512x512.png\",\"width\":512,\"height\":512,\"caption\":\"Wordsfly\"},\"image\":{\"@id\":\"https:\\\/\\\/wordsfly.org\\\/#\\\/schema\\\/logo\\\/image\\\/\"}}]}<\/script>\n<!-- \/ Yoast SEO plugin. -->","yoast_head_json":{"title":"About us - Wordsfly","robots":{"index":"index","follow":"follow","max-snippet":"max-snippet:-1","max-image-preview":"max-image-preview:large","max-video-preview":"max-video-preview:-1"},"canonical":"https:\/\/wordsfly.org\/it\/about\/","og_locale":"it_IT","og_type":"article","og_title":"Wordsfly","og_description":"- About us","og_url":"https:\/\/wordsfly.org\/it\/about\/","og_site_name":"Wordsfly","article_modified_time":"2023-07-18T19:30:59+00:00","og_image":[{"width":1920,"height":1080,"url":"https:\/\/wordsfly.org\/wp-content\/uploads\/2023\/07\/Wordsfly_Nuovo_LogoShadeBackground.png","type":"image\/png"}],"twitter_card":"summary_large_image","twitter_title":"Wordsfly","twitter_description":"- About us","twitter_image":"https:\/\/wordsfly.org\/wp-content\/uploads\/2023\/07\/Wordsfly_Nuovo_LogoShadeBackground.png","twitter_misc":{"Tempo di lettura stimato":"1 minuto"},"schema":{"@context":"https:\/\/schema.org","@graph":[{"@type":"WebPage","@id":"https:\/\/wordsfly.org\/about\/","url":"https:\/\/wordsfly.org\/about\/","name":"About us - Wordsfly","isPartOf":{"@id":"https:\/\/wordsfly.org\/#website"},"datePublished":"2023-02-16T20:12:08+00:00","dateModified":"2023-07-18T19:30:59+00:00","breadcrumb":{"@id":"https:\/\/wordsfly.org\/about\/#breadcrumb"},"inLanguage":"it-IT","potentialAction":[{"@type":"ReadAction","target":["https:\/\/wordsfly.org\/about\/"]}]},{"@type":"BreadcrumbList","@id":"https:\/\/wordsfly.org\/about\/#breadcrumb","itemListElement":[{"@type":"ListItem","position":1,"name":"Home","item":"https:\/\/wordsfly.org\/"},{"@type":"ListItem","position":2,"name":"About us"}]},{"@type":"WebSite","@id":"https:\/\/wordsfly.org\/#website","url":"https:\/\/wordsfly.org\/","name":"Wordsfly","description":"Lettori, scrittori e le loro opere.","publisher":{"@id":"https:\/\/wordsfly.org\/#organization"},"alternateName":"Wordsfly","potentialAction":[{"@type":"SearchAction","target":{"@type":"EntryPoint","urlTemplate":"https:\/\/wordsfly.org\/?s={search_term_string}"},"query-input":{"@type":"PropertyValueSpecification","valueRequired":true,"valueName":"search_term_string"}}],"inLanguage":"it-IT"},{"@type":"Organization","@id":"https:\/\/wordsfly.org\/#organization","name":"Wordsfly","alternateName":"Wordsfly","url":"https:\/\/wordsfly.org\/","logo":{"@type":"ImageObject","inLanguage":"it-IT","@id":"https:\/\/wordsfly.org\/#\/schema\/logo\/image\/","url":"https:\/\/wordsfly.org\/wp-content\/uploads\/2023\/07\/Wordsfly_Nuovo_Logo_White_512x512.png","contentUrl":"https:\/\/wordsfly.org\/wp-content\/uploads\/2023\/07\/Wordsfly_Nuovo_Logo_White_512x512.png","width":512,"height":512,"caption":"Wordsfly"},"image":{"@id":"https:\/\/wordsfly.org\/#\/schema\/logo\/image\/"}}]}},"_links":{"self":[{"href":"https:\/\/wordsfly.org\/it\/wp-json\/wp\/v2\/pages\/7","targetHints":{"allow":["GET"]}}],"collection":[{"href":"https:\/\/wordsfly.org\/it\/wp-json\/wp\/v2\/pages"}],"about":[{"href":"https:\/\/wordsfly.org\/it\/wp-json\/wp\/v2\/types\/page"}],"author":[{"embeddable":true,"href":"https:\/\/wordsfly.org\/it\/wp-json\/wp\/v2\/users\/1"}],"replies":[{"embeddable":true,"href":"https:\/\/wordsfly.org\/it\/wp-json\/wp\/v2\/comments?post=7"}],"version-history":[{"count":7,"href":"https:\/\/wordsfly.org\/it\/wp-json\/wp\/v2\/pages\/7\/revisions"}],"predecessor-version":[{"id":367,"href":"https:\/\/wordsfly.org\/it\/wp-json\/wp\/v2\/pages\/7\/revisions\/367"}],"wp:attachment":[{"href":"https:\/\/wordsfly.org\/it\/wp-json\/wp\/v2\/media?parent=7"}],"curies":[{"name":"wp","href":"https:\/\/api.w.org\/{rel}","templated":true}]}}